{"id":110,"date":"2020-03-14T18:47:34","date_gmt":"2020-03-14T18:47:34","guid":{"rendered":"http:\/\/www.dibujotecnicopasoapaso.com\/?page_id=110"},"modified":"2020-03-14T18:47:34","modified_gmt":"2020-03-14T18:47:34","slug":"potencia","status":"publish","type":"page","link":"http:\/\/www.dibujotecnicopasoapaso.com\/index.php\/potencia\/","title":{"rendered":"POTENCIA"},"content":{"rendered":"\n<p> Bienvenidos fan\u00e1ticos del dibujo a esta secci\u00f3n de dibujo t\u00e9cnico paso a paso. Aqui aprenderemos que el concepto de potencia y su utilidad.. Espero que os sirva de ayuda. <\/p>\n\n\n\n<h2 class=\"wp-block-heading\">CONCEPTO DE POTENCIA<\/h2>\n\n\n\n<figure class=\"wp-block-embed-youtube wp-block-embed is-type-video is-provider-youtube wp-embed-aspect-16-9 wp-has-aspect-ratio\"><div class=\"wp-block-embed__wrapper\">\n<div class='embed-container'><iframe title=\"\ud83d\udcaa \u00bfQu\u00e9 es y para qu\u00e9 sirve? Potencia dibujo t\u00e9cnico paso a paso \ud83d\udcaa f\u00e1cil de entender\" width=\"1920\" height=\"1080\" src=\"https:\/\/www.youtube.com\/embed\/CgXQqS7eRpg?feature=oembed\" frameborder=\"0\" allow=\"accelerometer; autoplay; encrypted-media; gyroscope; picture-in-picture\" allowfullscreen><\/iframe><\/div>\n<\/div><\/figure>\n\n\n\n<h2 class=\"wp-block-heading\">EJE RADICAL DE DOS CIRCUNFERENCIAS<\/h2>\n\n\n\n<figure class=\"wp-block-embed-youtube wp-block-embed is-type-video is-provider-youtube wp-embed-aspect-16-9 wp-has-aspect-ratio\"><div class=\"wp-block-embed__wrapper\">\n<div class='embed-container'><iframe title=\"\ud83d\ude02 EJE RADICAL de dos circunferencias \u2b55\u2b55 Dibujo t\u00e9cnico paso a paso | F\u00e1cil y sencillo int\u00e9ntalo\" width=\"1920\" height=\"1080\" src=\"https:\/\/www.youtube.com\/embed\/RyEMfSLyzK8?feature=oembed\" frameborder=\"0\" allow=\"accelerometer; autoplay; encrypted-media; gyroscope; picture-in-picture\" allowfullscreen><\/iframe><\/div>\n<\/div><\/figure>\n\n\n\n<h2 class=\"wp-block-heading\">CENTRO RADICAL DE TRES CIRCUNFERENCIAS<\/h2>\n\n\n\n<figure class=\"wp-block-embed-youtube wp-block-embed is-type-video is-provider-youtube wp-embed-aspect-16-9 wp-has-aspect-ratio\"><div class=\"wp-block-embed__wrapper\">\n<div class='embed-container'><iframe title=\"\u2b55\u2b55\u2b55 Centro radical de tres circunferencias | Dibujo t\u00e9cnico paso a paso | Trazados fundamentales\" width=\"1920\" height=\"1080\" src=\"https:\/\/www.youtube.com\/embed\/1kzZZeabe3I?feature=oembed\" frameborder=\"0\" allow=\"accelerometer; autoplay; encrypted-media; gyroscope; picture-in-picture\" allowfullscreen><\/iframe><\/div>\n<\/div><\/figure>\n","protected":false},"excerpt":{"rendered":"<p>Bienvenidos fan\u00e1ticos del dibujo a esta secci\u00f3n de dibujo t\u00e9cnico paso a paso. Aqui aprenderemos que el concepto de potencia y su utilidad.. Espero que os sirva de ayuda. CONCEPTO DE POTENCIA EJE RADICAL DE DOS CIRCUNFERENCIAS CENTRO RADICAL DE TRES CIRCUNFERENCIAS<\/p>\n","protected":false},"author":1,"featured_media":0,"parent":0,"menu_order":0,"comment_status":"closed","ping_status":"closed","template":"","meta":{"footnotes":""},"class_list":["post-110","page","type-page","status-publish","hentry"],"_links":{"self":[{"href":"http:\/\/www.dibujotecnicopasoapaso.com\/index.php\/wp-json\/wp\/v2\/pages\/110","targetHints":{"allow":["GET"]}}],"collection":[{"href":"http:\/\/www.dibujotecnicopasoapaso.com\/index.php\/wp-json\/wp\/v2\/pages"}],"about":[{"href":"http:\/\/www.dibujotecnicopasoapaso.com\/index.php\/wp-json\/wp\/v2\/types\/page"}],"author":[{"embeddable":true,"href":"http:\/\/www.dibujotecnicopasoapaso.com\/index.php\/wp-json\/wp\/v2\/users\/1"}],"replies":[{"embeddable":true,"href":"http:\/\/www.dibujotecnicopasoapaso.com\/index.php\/wp-json\/wp\/v2\/comments?post=110"}],"version-history":[{"count":1,"href":"http:\/\/www.dibujotecnicopasoapaso.com\/index.php\/wp-json\/wp\/v2\/pages\/110\/revisions"}],"predecessor-version":[{"id":111,"href":"http:\/\/www.dibujotecnicopasoapaso.com\/index.php\/wp-json\/wp\/v2\/pages\/110\/revisions\/111"}],"wp:attachment":[{"href":"http:\/\/www.dibujotecnicopasoapaso.com\/index.php\/wp-json\/wp\/v2\/media?parent=110"}],"curies":[{"name":"wp","href":"https:\/\/api.w.org\/{rel}","templated":true}]}}