{"id":147,"date":"2020-03-14T21:51:32","date_gmt":"2020-03-14T21:51:32","guid":{"rendered":"http:\/\/www.dibujotecnicopasoapaso.com\/?page_id=147"},"modified":"2020-03-15T08:29:00","modified_gmt":"2020-03-15T08:29:00","slug":"poligonos-regulares-inscritos","status":"publish","type":"page","link":"http:\/\/www.dibujotecnicopasoapaso.com\/index.php\/poligonos-regulares-inscritos\/","title":{"rendered":"POL\u00cdGONOS REGULARES INSCRITOS"},"content":{"rendered":"\n<p> Bienvenidos fan\u00e1ticos del dibujo a esta secci\u00f3n de dibujo t\u00e9cnico paso a paso. En los procesos siguiente aprenderemos a trazar pol\u00edgonos de cualquier n\u00famero de lados inscritos en una circunferencia, incluyendo los m\u00e9todos particulares y el m\u00e9todo general. Todo ello con la ayuda de la regla y el comp\u00e1s. Espero que os sirva de ayuda. <\/p>\n\n\n\n<h2 class=\"wp-block-heading\">TRIANGULO INSCRITO EN UNA CIRCUNFERENCIA<\/h2>\n\n\n\n<figure class=\"wp-block-embed-youtube wp-block-embed is-type-video is-provider-youtube wp-embed-aspect-16-9 wp-has-aspect-ratio\"><div class=\"wp-block-embed__wrapper\">\n<div class='embed-container'><iframe title=\"\ud83d\udd3a como dibujar un tri\u00e1ngulo EQUIL\u00c1TERO INSCRITO en una circunferencia \ud83d\udd3a Dibujo t\u00e9cnico paso a paso\" width=\"1920\" height=\"1080\" src=\"https:\/\/www.youtube.com\/embed\/PuWejmq1erc?feature=oembed\" frameborder=\"0\" allow=\"accelerometer; autoplay; encrypted-media; gyroscope; picture-in-picture\" allowfullscreen><\/iframe><\/div>\n<\/div><\/figure>\n\n\n\n<h2 class=\"wp-block-heading\">CUADRADO INSCRITO EN UNA CIRCUNFERENCIA<\/h2>\n\n\n\n<figure class=\"wp-block-embed-youtube wp-block-embed is-type-video is-provider-youtube wp-embed-aspect-16-9 wp-has-aspect-ratio\"><div class=\"wp-block-embed__wrapper\">\n<div class='embed-container'><iframe title=\"\ud83d\udcaa\u2b1b Como dibujar un CUADRADO inscrito en una circunferencia \ud83d\udcaa Dibujo t\u00e9cnico paso a paso\" width=\"1920\" height=\"1080\" src=\"https:\/\/www.youtube.com\/embed\/7VB7f6WOCQE?feature=oembed\" frameborder=\"0\" allow=\"accelerometer; autoplay; encrypted-media; gyroscope; picture-in-picture\" allowfullscreen><\/iframe><\/div>\n<\/div><\/figure>\n\n\n\n<h2 class=\"wp-block-heading\">PENT\u00c1GONO INSCRITO EN UNA CIRCUNFERENCIA<\/h2>\n\n\n\n<figure class=\"wp-block-embed-youtube wp-block-embed is-type-video is-provider-youtube wp-embed-aspect-16-9 wp-has-aspect-ratio\"><div class=\"wp-block-embed__wrapper\">\n<div class='embed-container'><iframe title=\"\ud83d\ude80 como dibujar un PENT\u00c1GONO INSCRITO en una circunferencia \ud83d\ude0e Pol\u00edgonos regulares paso a paso\" width=\"1920\" height=\"1080\" src=\"https:\/\/www.youtube.com\/embed\/mqOc4oKR-X8?feature=oembed\" frameborder=\"0\" allow=\"accelerometer; autoplay; encrypted-media; gyroscope; picture-in-picture\" allowfullscreen><\/iframe><\/div>\n<\/div><\/figure>\n\n\n\n<h2 class=\"wp-block-heading\">HEX\u00c1GONO INSCRITO EN UNA CIRCUNFERENCIA<\/h2>\n\n\n\n<figure class=\"wp-block-embed-youtube wp-block-embed is-type-video is-provider-youtube wp-embed-aspect-16-9 wp-has-aspect-ratio\"><div class=\"wp-block-embed__wrapper\">\n<div class='embed-container'><iframe title=\"\ud83d\udd8a\ud83d\udcd0HEX\u00c1GONO regular INSCRITO en una CIRCUNFERENCIA paso a paso \ud83d\udca5 Dibujo t\u00e9cnico para TODOS\" width=\"1920\" height=\"1080\" src=\"https:\/\/www.youtube.com\/embed\/qk7J9XQyDvI?feature=oembed\" frameborder=\"0\" allow=\"accelerometer; autoplay; encrypted-media; gyroscope; picture-in-picture\" allowfullscreen><\/iframe><\/div>\n<\/div><\/figure>\n\n\n\n<h2 class=\"wp-block-heading\">HEPT\u00c1GONO INSCRITO EN UNA CIRCUNFERENCIA<\/h2>\n\n\n\n<figure class=\"wp-block-embed-youtube wp-block-embed is-type-video is-provider-youtube wp-embed-aspect-16-9 wp-has-aspect-ratio\"><div class=\"wp-block-embed__wrapper\">\n<div class='embed-container'><iframe title=\"\ud83d\udc4d HEPT\u00c1GONO regular INSCRITO en una circunferencia \ud83d\ude0e como hacerlo  paso a paso\" width=\"1920\" height=\"1080\" src=\"https:\/\/www.youtube.com\/embed\/KOsH5hO1vtk?feature=oembed\" frameborder=\"0\" allow=\"accelerometer; autoplay; encrypted-media; gyroscope; picture-in-picture\" allowfullscreen><\/iframe><\/div>\n<\/div><\/figure>\n\n\n\n<h2 class=\"wp-block-heading\">OCT\u00d3GONO INSCRITO EN UNA CIRCUNFERENCIA<\/h2>\n\n\n\n<figure class=\"wp-block-embed-youtube wp-block-embed is-type-video is-provider-youtube wp-embed-aspect-16-9 wp-has-aspect-ratio\"><div class=\"wp-block-embed__wrapper\">\n<div class='embed-container'><iframe title=\"\ud83d\uded1 Como dibujar un oct\u00f3gono en una circunferencia \ud83d\uded1 Pol\u00edgonos inscritos \ud83d\udcaa Dibujo t\u00e9cnico paso a paso\" width=\"1920\" height=\"1080\" src=\"https:\/\/www.youtube.com\/embed\/mztcZPUzH-E?feature=oembed\" frameborder=\"0\" allow=\"accelerometer; autoplay; encrypted-media; gyroscope; picture-in-picture\" allowfullscreen><\/iframe><\/div>\n<\/div><\/figure>\n\n\n\n<h2 class=\"wp-block-heading\">ENE\u00c1GONO INSCRITO EN UNA CIRCUNFERENCIA<\/h2>\n\n\n\n<figure class=\"wp-block-embed-youtube wp-block-embed is-type-video is-provider-youtube wp-embed-aspect-16-9 wp-has-aspect-ratio\"><div class=\"wp-block-embed__wrapper\">\n<div class='embed-container'><iframe title=\"\ud83d\udccf\ud83d\udcd0Como dibujar un ENE\u00c1GONO regular inscrito en una circunferencia | Dibujo t\u00e9cnico paso a paso\" width=\"1920\" height=\"1080\" src=\"https:\/\/www.youtube.com\/embed\/zbPp9uVx-t8?feature=oembed\" frameborder=\"0\" allow=\"accelerometer; autoplay; encrypted-media; gyroscope; picture-in-picture\" allowfullscreen><\/iframe><\/div>\n<\/div><\/figure>\n\n\n\n<h2 class=\"wp-block-heading\">DEC\u00c1GONO INSCRITO EN UNA CIRCUNFERENCIA<\/h2>\n\n\n\n<figure class=\"wp-block-embed-youtube wp-block-embed is-type-video is-provider-youtube wp-embed-aspect-16-9 wp-has-aspect-ratio\"><div class=\"wp-block-embed__wrapper\">\n<div class='embed-container'><iframe title=\"\ud83d\udc4d Como hacer un DEC\u00c1GONO inscrito en una circunferencia \u270f Dibujo t\u00e9cnico paso a paso\" width=\"1920\" height=\"1080\" src=\"https:\/\/www.youtube.com\/embed\/POx13LGidK8?feature=oembed\" frameborder=\"0\" allow=\"accelerometer; autoplay; encrypted-media; gyroscope; picture-in-picture\" allowfullscreen><\/iframe><\/div>\n<\/div><\/figure>\n\n\n\n<h2 class=\"wp-block-heading\">DODEC\u00c1GONO INSCRITO EN UNA CIRCUNFERENCIA<\/h2>\n\n\n\n<figure class=\"wp-block-embed-youtube wp-block-embed is-type-video is-provider-youtube wp-embed-aspect-16-9 wp-has-aspect-ratio\"><div class=\"wp-block-embed__wrapper\">\n<div class='embed-container'><iframe title=\"Construcci\u00f3n de un dodec\u00e1gono inscrito en un circunferencia | Dibujo t\u00e9cnico paso a paso\" width=\"1920\" height=\"1080\" src=\"https:\/\/www.youtube.com\/embed\/-AX6dm9eZBA?feature=oembed\" frameborder=\"0\" allow=\"accelerometer; autoplay; encrypted-media; gyroscope; picture-in-picture\" allowfullscreen><\/iframe><\/div>\n<\/div><\/figure>\n\n\n\n<h2 class=\"wp-block-heading\">M\u00c9TODO GENERAL INSCRITO EN UNA CIRCUNFERENCIA<\/h2>\n\n\n\n<figure class=\"wp-block-embed-youtube wp-block-embed is-type-video is-provider-youtube wp-embed-aspect-16-9 wp-has-aspect-ratio\"><div class=\"wp-block-embed__wrapper\">\n<div class='embed-container'><iframe title=\"\ud83d\udc69\u200d\u2708 M\u00e9todo GENERAL para dibujar POL\u00cdGONOS inscritos en circunferencia \ud83d\udc68\u200d\u2708 Dibujo t\u00e9cnico paso a paso\" width=\"1920\" height=\"1080\" src=\"https:\/\/www.youtube.com\/embed\/tAmuWhjCI6Q?feature=oembed\" frameborder=\"0\" allow=\"accelerometer; autoplay; encrypted-media; gyroscope; picture-in-picture\" allowfullscreen><\/iframe><\/div>\n<\/div><\/figure>\n","protected":false},"excerpt":{"rendered":"<p>Bienvenidos fan\u00e1ticos del dibujo a esta secci\u00f3n de dibujo t\u00e9cnico paso a paso. En los procesos siguiente aprenderemos a trazar pol\u00edgonos de cualquier n\u00famero de lados inscritos en una circunferencia, incluyendo los m\u00e9todos particulares y el m\u00e9todo general. Todo ello con la ayuda de la regla y el comp\u00e1s. Espero que os sirva de ayuda.&hellip; <br \/> <a class=\"read-more\" href=\"http:\/\/www.dibujotecnicopasoapaso.com\/index.php\/poligonos-regulares-inscritos\/\">Leer m\u00e1s<\/a><\/p>\n","protected":false},"author":1,"featured_media":0,"parent":0,"menu_order":0,"comment_status":"closed","ping_status":"closed","template":"","meta":{"footnotes":""},"class_list":["post-147","page","type-page","status-publish","hentry"],"_links":{"self":[{"href":"http:\/\/www.dibujotecnicopasoapaso.com\/index.php\/wp-json\/wp\/v2\/pages\/147","targetHints":{"allow":["GET"]}}],"collection":[{"href":"http:\/\/www.dibujotecnicopasoapaso.com\/index.php\/wp-json\/wp\/v2\/pages"}],"about":[{"href":"http:\/\/www.dibujotecnicopasoapaso.com\/index.php\/wp-json\/wp\/v2\/types\/page"}],"author":[{"embeddable":true,"href":"http:\/\/www.dibujotecnicopasoapaso.com\/index.php\/wp-json\/wp\/v2\/users\/1"}],"replies":[{"embeddable":true,"href":"http:\/\/www.dibujotecnicopasoapaso.com\/index.php\/wp-json\/wp\/v2\/comments?post=147"}],"version-history":[{"count":3,"href":"http:\/\/www.dibujotecnicopasoapaso.com\/index.php\/wp-json\/wp\/v2\/pages\/147\/revisions"}],"predecessor-version":[{"id":169,"href":"http:\/\/www.dibujotecnicopasoapaso.com\/index.php\/wp-json\/wp\/v2\/pages\/147\/revisions\/169"}],"wp:attachment":[{"href":"http:\/\/www.dibujotecnicopasoapaso.com\/index.php\/wp-json\/wp\/v2\/media?parent=147"}],"curies":[{"name":"wp","href":"https:\/\/api.w.org\/{rel}","templated":true}]}}