{"id":170,"date":"2020-03-15T08:36:42","date_gmt":"2020-03-15T08:36:42","guid":{"rendered":"http:\/\/www.dibujotecnicopasoapaso.com\/?page_id=170"},"modified":"2020-03-15T08:36:42","modified_gmt":"2020-03-15T08:36:42","slug":"poligonos-estrellados","status":"publish","type":"page","link":"http:\/\/www.dibujotecnicopasoapaso.com\/index.php\/poligonos-estrellados\/","title":{"rendered":"POL\u00cdGONOS ESTRELLADOS"},"content":{"rendered":"\n<p> Bienvenidos fan\u00e1ticos del dibujo a esta secci\u00f3n de dibujo t\u00e9cnico paso a paso. En los m\u00e9todos expuestos a continuaci\u00f3n aprenderemos a dibujar  pol\u00edgonos estrellado. Usaremos como siempre la ayuda de la regla y el comp\u00e1s. Espero que os sirva de ayuda. <\/p>\n\n\n\n<h2 class=\"wp-block-heading\">ESTRELLA DE 5 PUNTAS<\/h2>\n\n\n\n<figure class=\"wp-block-embed-youtube wp-block-embed is-type-video is-provider-youtube wp-embed-aspect-16-9 wp-has-aspect-ratio\"><div class=\"wp-block-embed__wrapper\">\n<div class='embed-container'><iframe title=\"\u2b50 Como construir una ESTRELLA de 5 puntas \u2b50Pol\u00edgonos estrellados | Dibujo t\u00e9cnico paso a paso\" width=\"1920\" height=\"1080\" src=\"https:\/\/www.youtube.com\/embed\/Hej3DU8L_5I?feature=oembed\" frameborder=\"0\" allow=\"accelerometer; autoplay; encrypted-media; gyroscope; picture-in-picture\" allowfullscreen><\/iframe><\/div>\n<\/div><\/figure>\n\n\n\n<h2 class=\"wp-block-heading\">ESTRELLA DE 6 PUNTAS<\/h2>\n\n\n\n<figure class=\"wp-block-embed-youtube wp-block-embed is-type-video is-provider-youtube wp-embed-aspect-16-9 wp-has-aspect-ratio\"><div class=\"wp-block-embed__wrapper\">\n<div class='embed-container'><iframe title=\"\ud83d\udc4d\u26a1Estrella de 6 puntas en una circunferencia \u26a1 Estrella de David \u26a1 hex\u00e1gono estrellado paso a paso\" width=\"1920\" height=\"1080\" src=\"https:\/\/www.youtube.com\/embed\/z9wNdrMc-3k?feature=oembed\" frameborder=\"0\" allow=\"accelerometer; autoplay; encrypted-media; gyroscope; picture-in-picture\" allowfullscreen><\/iframe><\/div>\n<\/div><\/figure>\n\n\n\n<h2 class=\"wp-block-heading\">ESTRELLAS DE 7 PUNTAS<\/h2>\n\n\n\n<figure class=\"wp-block-embed-youtube wp-block-embed is-type-video is-provider-youtube wp-embed-aspect-16-9 wp-has-aspect-ratio\"><div class=\"wp-block-embed__wrapper\">\n<div class='embed-container'><iframe title=\"\ud83d\udca5 Como dibujar una ESTRELLA de 7 puntas | Pol\u00edgonos estrellados | Dibujo t\u00e9cnico paso a paso\" width=\"1920\" height=\"1080\" src=\"https:\/\/www.youtube.com\/embed\/7tCaRf1Abp4?feature=oembed\" frameborder=\"0\" allow=\"accelerometer; autoplay; encrypted-media; gyroscope; picture-in-picture\" allowfullscreen><\/iframe><\/div>\n<\/div><\/figure>\n\n\n\n<h2 class=\"wp-block-heading\">ESTRELLAS DE 8 PUNTAS<\/h2>\n\n\n\n<figure class=\"wp-block-embed-youtube wp-block-embed is-type-video is-provider-youtube wp-embed-aspect-16-9 wp-has-aspect-ratio\"><div class=\"wp-block-embed__wrapper\">\n<div class='embed-container'><iframe title=\"\ud83d\udca5 Como hacer una ESTRELLA de 8 puntas paso a paso \ud83d\udca5\" width=\"1920\" height=\"1080\" src=\"https:\/\/www.youtube.com\/embed\/qKT1j8shj70?feature=oembed\" frameborder=\"0\" allow=\"accelerometer; autoplay; encrypted-media; gyroscope; picture-in-picture\" allowfullscreen><\/iframe><\/div>\n<\/div><\/figure>\n","protected":false},"excerpt":{"rendered":"<p>Bienvenidos fan\u00e1ticos del dibujo a esta secci\u00f3n de dibujo t\u00e9cnico paso a paso. En los m\u00e9todos expuestos a continuaci\u00f3n aprenderemos a dibujar pol\u00edgonos estrellado. Usaremos como siempre la ayuda de la regla y el comp\u00e1s. Espero que os sirva de ayuda. ESTRELLA DE 5 PUNTAS ESTRELLA DE 6 PUNTAS ESTRELLAS DE 7 PUNTAS ESTRELLAS DE&hellip; <br \/> <a class=\"read-more\" href=\"http:\/\/www.dibujotecnicopasoapaso.com\/index.php\/poligonos-estrellados\/\">Leer m\u00e1s<\/a><\/p>\n","protected":false},"author":1,"featured_media":0,"parent":0,"menu_order":0,"comment_status":"closed","ping_status":"closed","template":"","meta":{"footnotes":""},"class_list":["post-170","page","type-page","status-publish","hentry"],"_links":{"self":[{"href":"http:\/\/www.dibujotecnicopasoapaso.com\/index.php\/wp-json\/wp\/v2\/pages\/170","targetHints":{"allow":["GET"]}}],"collection":[{"href":"http:\/\/www.dibujotecnicopasoapaso.com\/index.php\/wp-json\/wp\/v2\/pages"}],"about":[{"href":"http:\/\/www.dibujotecnicopasoapaso.com\/index.php\/wp-json\/wp\/v2\/types\/page"}],"author":[{"embeddable":true,"href":"http:\/\/www.dibujotecnicopasoapaso.com\/index.php\/wp-json\/wp\/v2\/users\/1"}],"replies":[{"embeddable":true,"href":"http:\/\/www.dibujotecnicopasoapaso.com\/index.php\/wp-json\/wp\/v2\/comments?post=170"}],"version-history":[{"count":1,"href":"http:\/\/www.dibujotecnicopasoapaso.com\/index.php\/wp-json\/wp\/v2\/pages\/170\/revisions"}],"predecessor-version":[{"id":171,"href":"http:\/\/www.dibujotecnicopasoapaso.com\/index.php\/wp-json\/wp\/v2\/pages\/170\/revisions\/171"}],"wp:attachment":[{"href":"http:\/\/www.dibujotecnicopasoapaso.com\/index.php\/wp-json\/wp\/v2\/media?parent=170"}],"curies":[{"name":"wp","href":"https:\/\/api.w.org\/{rel}","templated":true}]}}