{"id":220,"date":"2020-03-15T15:54:33","date_gmt":"2020-03-15T15:54:33","guid":{"rendered":"http:\/\/www.dibujotecnicopasoapaso.com\/?page_id=220"},"modified":"2020-03-15T15:54:33","modified_gmt":"2020-03-15T15:54:33","slug":"recta-de-maxima-pendiente-y-maxima-inclinacion-2","status":"publish","type":"page","link":"http:\/\/www.dibujotecnicopasoapaso.com\/index.php\/recta-de-maxima-pendiente-y-maxima-inclinacion-2\/","title":{"rendered":"RECTA DE M\u00c1XIMA PENDIENTE Y M\u00c1XIMA INCLINACI\u00d3N"},"content":{"rendered":"\n<p> Bienvenidos fan\u00e1ticos del dibujo a esta secci\u00f3n de dibujo t\u00e9cnico paso a paso. En los siguiente procesos aprender\u00e9is las peculiaridades de las rectas de m\u00e1xima pendiente y m\u00e1xima inclinaci\u00f3n, tanto para colocarlas en un plano, sea el que seo, como para a partir de ellas montar el plano que las contiene. <\/p>\n\n\n\n<h3 class=\"wp-block-heading\">RECTA DE M\u00c1XIMA PENDIENTE<\/h3>\n\n\n\n<figure class=\"wp-block-embed-youtube wp-block-embed is-type-video is-provider-youtube wp-embed-aspect-16-9 wp-has-aspect-ratio\"><div class=\"wp-block-embed__wrapper\">\n<div class='embed-container'><iframe title=\"\ud83d\ude80 Recta de M\u00c1XIMA PENDIENTE sistema diedrico  | aprender diedrico paso a paso \ud83d\udc4d\" width=\"1920\" height=\"1080\" src=\"https:\/\/www.youtube.com\/embed\/W55-rVl7xzs?feature=oembed\" frameborder=\"0\" allow=\"accelerometer; autoplay; encrypted-media; gyroscope; picture-in-picture\" allowfullscreen><\/iframe><\/div>\n<\/div><\/figure>\n\n\n\n<h3 class=\"wp-block-heading\">RECTA DE M\u00c1XIMA INCLINACI\u00d3N<\/h3>\n\n\n\n<figure class=\"wp-block-embed-youtube wp-block-embed is-type-video is-provider-youtube wp-embed-aspect-16-9 wp-has-aspect-ratio\"><div class=\"wp-block-embed__wrapper\">\n<div class='embed-container'><iframe title=\"\u26a1 RECTA de M\u00c1XIMA INCLINACI\u00d3N \ud83d\ude80 Aprender diedrico paso a paso\" width=\"1920\" height=\"1080\" src=\"https:\/\/www.youtube.com\/embed\/uDJMu9iq_Xo?feature=oembed\" frameborder=\"0\" allow=\"accelerometer; autoplay; encrypted-media; gyroscope; picture-in-picture\" allowfullscreen><\/iframe><\/div>\n<\/div><\/figure>\n\n\n\n<h3 class=\"wp-block-heading\">DADA UNA RECTA DE M\u00c1XIMA PENDIENTE ENCONTRAR EL PLANO QUE CONTIENE<\/h3>\n\n\n\n<figure class=\"wp-block-embed-youtube wp-block-embed is-type-video is-provider-youtube wp-embed-aspect-16-9 wp-has-aspect-ratio\"><div class=\"wp-block-embed__wrapper\">\n<div class='embed-container'><iframe title=\"\ud83d\udcaf\ud83d\udcd0 PLANO definido por su recta de M\u00c1XIMA PENDIENTE\" width=\"1920\" height=\"1080\" src=\"https:\/\/www.youtube.com\/embed\/iAhZvEuoIxg?feature=oembed\" frameborder=\"0\" allow=\"accelerometer; autoplay; encrypted-media; gyroscope; picture-in-picture\" allowfullscreen><\/iframe><\/div>\n<\/div><\/figure>\n\n\n\n<h3 class=\"wp-block-heading\"> DADA UNA RECTA DE M\u00c1XIMA INCLINACI\u00d3N ENCONTRAR EL PLANO QUE CONTIENE <\/h3>\n\n\n\n<figure class=\"wp-block-embed-youtube wp-block-embed is-type-video is-provider-youtube wp-embed-aspect-16-9 wp-has-aspect-ratio\"><div class=\"wp-block-embed__wrapper\">\n<div class='embed-container'><iframe title=\"\ud83d\udc4d\ud83d\udca5 Plano definido por su RECTA DE M\u00c1XIMA INCLINACI\u00d3N \ud83d\udcd0 Plano contiene recta m\u00e1xima inclinaci\u00f3n\" width=\"1920\" height=\"1080\" src=\"https:\/\/www.youtube.com\/embed\/Oo0tUOXLDCc?feature=oembed\" frameborder=\"0\" allow=\"accelerometer; autoplay; encrypted-media; gyroscope; picture-in-picture\" allowfullscreen><\/iframe><\/div>\n<\/div><\/figure>\n","protected":false},"excerpt":{"rendered":"<p>Bienvenidos fan\u00e1ticos del dibujo a esta secci\u00f3n de dibujo t\u00e9cnico paso a paso. En los siguiente procesos aprender\u00e9is las peculiaridades de las rectas de m\u00e1xima pendiente y m\u00e1xima inclinaci\u00f3n, tanto para colocarlas en un plano, sea el que seo, como para a partir de ellas montar el plano que las contiene. RECTA DE M\u00c1XIMA PENDIENTE&hellip; <br \/> <a class=\"read-more\" href=\"http:\/\/www.dibujotecnicopasoapaso.com\/index.php\/recta-de-maxima-pendiente-y-maxima-inclinacion-2\/\">Leer m\u00e1s<\/a><\/p>\n","protected":false},"author":1,"featured_media":0,"parent":0,"menu_order":0,"comment_status":"closed","ping_status":"closed","template":"","meta":{"footnotes":""},"class_list":["post-220","page","type-page","status-publish","hentry"],"_links":{"self":[{"href":"http:\/\/www.dibujotecnicopasoapaso.com\/index.php\/wp-json\/wp\/v2\/pages\/220","targetHints":{"allow":["GET"]}}],"collection":[{"href":"http:\/\/www.dibujotecnicopasoapaso.com\/index.php\/wp-json\/wp\/v2\/pages"}],"about":[{"href":"http:\/\/www.dibujotecnicopasoapaso.com\/index.php\/wp-json\/wp\/v2\/types\/page"}],"author":[{"embeddable":true,"href":"http:\/\/www.dibujotecnicopasoapaso.com\/index.php\/wp-json\/wp\/v2\/users\/1"}],"replies":[{"embeddable":true,"href":"http:\/\/www.dibujotecnicopasoapaso.com\/index.php\/wp-json\/wp\/v2\/comments?post=220"}],"version-history":[{"count":1,"href":"http:\/\/www.dibujotecnicopasoapaso.com\/index.php\/wp-json\/wp\/v2\/pages\/220\/revisions"}],"predecessor-version":[{"id":221,"href":"http:\/\/www.dibujotecnicopasoapaso.com\/index.php\/wp-json\/wp\/v2\/pages\/220\/revisions\/221"}],"wp:attachment":[{"href":"http:\/\/www.dibujotecnicopasoapaso.com\/index.php\/wp-json\/wp\/v2\/media?parent=220"}],"curies":[{"name":"wp","href":"https:\/\/api.w.org\/{rel}","templated":true}]}}