{"id":246,"date":"2020-03-20T19:14:18","date_gmt":"2020-03-20T19:14:18","guid":{"rendered":"http:\/\/www.dibujotecnicopasoapaso.com\/?page_id=246"},"modified":"2020-03-20T19:14:18","modified_gmt":"2020-03-20T19:14:18","slug":"curvas-conicas","status":"publish","type":"page","link":"http:\/\/www.dibujotecnicopasoapaso.com\/index.php\/curvas-conicas\/","title":{"rendered":"CURVAS C\u00d3NICAS"},"content":{"rendered":"\n<p>En esta secci\u00f3n presentaremos las curvas c\u00f3nicas: ELIPSE, HIP\u00c9RBOLA, PAR\u00c1BOLA y las diferentes formas de obtenerlas.<\/p>\n\n\n\n<h3 class=\"wp-block-heading\">Dibujar una ELIPSE dados los ejes <\/h3>\n\n\n\n<figure class=\"wp-block-embed-youtube wp-block-embed is-type-video is-provider-youtube wp-embed-aspect-16-9 wp-has-aspect-ratio\"><div class=\"wp-block-embed__wrapper\">\n<div class='embed-container'><iframe title=\"\ud83d\udd25\ud83c\udfc6\ud83d\udd25 Dibujar una elipse dados los ejes | Elipse dibujo t\u00e9cnico paso a paso\" width=\"1920\" height=\"1080\" src=\"https:\/\/www.youtube.com\/embed\/A8B1Yn7zlco?feature=oembed\" frameborder=\"0\" allow=\"accelerometer; autoplay; encrypted-media; gyroscope; picture-in-picture\" allowfullscreen><\/iframe><\/div>\n<\/div><\/figure>\n\n\n\n<h3 class=\"wp-block-heading\">Elipse por el M\u00c9TODO de la elipse haces proyectivos <\/h3>\n\n\n\n<figure class=\"wp-block-embed-youtube wp-block-embed is-type-video is-provider-youtube wp-embed-aspect-16-9 wp-has-aspect-ratio\"><div class=\"wp-block-embed__wrapper\">\n<div class='embed-container'><iframe title=\"\ud83c\udfc9 Construcci\u00f3n de una elipse dados los dos ejes | M\u00e9todo de la elipse haces proyectivos paso a paso\" width=\"1920\" height=\"1080\" src=\"https:\/\/www.youtube.com\/embed\/saGMWV0Ilrs?feature=oembed\" frameborder=\"0\" allow=\"accelerometer; autoplay; encrypted-media; gyroscope; picture-in-picture\" allowfullscreen><\/iframe><\/div>\n<\/div><\/figure>\n\n\n\n<h3 class=\"wp-block-heading\">Elipse por el m\u00e9todo de proyecci\u00f3n de puntos <\/h3>\n\n\n\n<figure class=\"wp-block-embed-youtube wp-block-embed is-type-video is-provider-youtube wp-embed-aspect-16-9 wp-has-aspect-ratio\"><div class=\"wp-block-embed__wrapper\">\n<div class='embed-container'><iframe title=\"\ud83c\udfc9 Elipse m\u00e9todo de proyecci\u00f3n de puntos \ud83d\udccf ELIPSE dibujo t\u00e9cnico paso a paso en Curvas c\u00f3nicas\" width=\"1920\" height=\"1080\" src=\"https:\/\/www.youtube.com\/embed\/qX4eE2VzvCo?feature=oembed\" frameborder=\"0\" allow=\"accelerometer; autoplay; encrypted-media; gyroscope; picture-in-picture\" allowfullscreen><\/iframe><\/div>\n<\/div><\/figure>\n\n\n\n<h3 class=\"wp-block-heading\">Construcci\u00f3n de una HIP\u00c9RBOLA conocidos los focos y AB <\/h3>\n\n\n\n<figure class=\"wp-block-embed-youtube wp-block-embed is-type-video is-provider-youtube wp-embed-aspect-16-9 wp-has-aspect-ratio\"><div class=\"wp-block-embed__wrapper\">\n<div class='embed-container'><iframe title=\"\ud83d\udc4d construcci\u00f3n de una HIP\u00c9RBOLA en dibujo t\u00e9cnico paso a paso conocidos los focos y v\u00e9rtices AB \ud83d\udcaa\" width=\"1920\" height=\"1080\" src=\"https:\/\/www.youtube.com\/embed\/zwPPR3NE7o0?feature=oembed\" frameborder=\"0\" allow=\"accelerometer; autoplay; encrypted-media; gyroscope; picture-in-picture\" allowfullscreen><\/iframe><\/div>\n<\/div><\/figure>\n\n\n\n<h3 class=\"wp-block-heading\">Como dibujar una PAR\u00c1BOLA dado v\u00e9rtice y foco <\/h3>\n\n\n\n<figure class=\"wp-block-embed-youtube wp-block-embed is-type-video is-provider-youtube wp-embed-aspect-16-9 wp-has-aspect-ratio\"><div class=\"wp-block-embed__wrapper\">\n<div class='embed-container'><iframe title=\"\ud83d\ude0e Como dibujar una PAR\u00c1BOLA dado v\u00e9rtice y foco \ud83d\ude0e Curvas c\u00f3nicas en dibujo t\u00e9cnico paso a paso \ud83d\udc63\" width=\"1920\" height=\"1080\" src=\"https:\/\/www.youtube.com\/embed\/lb9pU0M8oB8?feature=oembed\" frameborder=\"0\" allow=\"accelerometer; autoplay; encrypted-media; gyroscope; picture-in-picture\" allowfullscreen><\/iframe><\/div>\n<\/div><\/figure>\n","protected":false},"excerpt":{"rendered":"<p>En esta secci\u00f3n presentaremos las curvas c\u00f3nicas: ELIPSE, HIP\u00c9RBOLA, PAR\u00c1BOLA y las diferentes formas de obtenerlas. Dibujar una ELIPSE dados los ejes Elipse por el M\u00c9TODO de la elipse haces proyectivos Elipse por el m\u00e9todo de proyecci\u00f3n de puntos Construcci\u00f3n de una HIP\u00c9RBOLA conocidos los focos y AB Como dibujar una PAR\u00c1BOLA dado v\u00e9rtice y&hellip; <br \/> <a class=\"read-more\" href=\"http:\/\/www.dibujotecnicopasoapaso.com\/index.php\/curvas-conicas\/\">Leer m\u00e1s<\/a><\/p>\n","protected":false},"author":1,"featured_media":0,"parent":0,"menu_order":0,"comment_status":"closed","ping_status":"closed","template":"","meta":{"footnotes":""},"class_list":["post-246","page","type-page","status-publish","hentry"],"_links":{"self":[{"href":"http:\/\/www.dibujotecnicopasoapaso.com\/index.php\/wp-json\/wp\/v2\/pages\/246","targetHints":{"allow":["GET"]}}],"collection":[{"href":"http:\/\/www.dibujotecnicopasoapaso.com\/index.php\/wp-json\/wp\/v2\/pages"}],"about":[{"href":"http:\/\/www.dibujotecnicopasoapaso.com\/index.php\/wp-json\/wp\/v2\/types\/page"}],"author":[{"embeddable":true,"href":"http:\/\/www.dibujotecnicopasoapaso.com\/index.php\/wp-json\/wp\/v2\/users\/1"}],"replies":[{"embeddable":true,"href":"http:\/\/www.dibujotecnicopasoapaso.com\/index.php\/wp-json\/wp\/v2\/comments?post=246"}],"version-history":[{"count":1,"href":"http:\/\/www.dibujotecnicopasoapaso.com\/index.php\/wp-json\/wp\/v2\/pages\/246\/revisions"}],"predecessor-version":[{"id":247,"href":"http:\/\/www.dibujotecnicopasoapaso.com\/index.php\/wp-json\/wp\/v2\/pages\/246\/revisions\/247"}],"wp:attachment":[{"href":"http:\/\/www.dibujotecnicopasoapaso.com\/index.php\/wp-json\/wp\/v2\/media?parent=246"}],"curies":[{"name":"wp","href":"https:\/\/api.w.org\/{rel}","templated":true}]}}