{"id":255,"date":"2020-03-20T19:32:17","date_gmt":"2020-03-20T19:32:17","guid":{"rendered":"http:\/\/www.dibujotecnicopasoapaso.com\/?page_id=255"},"modified":"2020-03-20T19:37:17","modified_gmt":"2020-03-20T19:37:17","slug":"ovoide","status":"publish","type":"page","link":"http:\/\/www.dibujotecnicopasoapaso.com\/index.php\/ovoide\/","title":{"rendered":"OVOIDES"},"content":{"rendered":"\n<p>Bienvenidos fan\u00e1ticos del dibujo a una nueva secci\u00f3n de dibujo t\u00e9cnico paso a paso. En concreto explicaremos los procesos para trazar OVOIDES. Nos apoyaremos con los utensilios b\u00e1sicos del dibujo, la regla y el comp\u00e1s. Como siempre espero que os sirva de ayuda.  <\/p>\n\n\n\n<h3 class=\"wp-block-heading\">OVOIDE dado el eje MENOR <\/h3>\n\n\n\n<figure class=\"wp-block-embed-youtube wp-block-embed is-type-video is-provider-youtube wp-embed-aspect-16-9 wp-has-aspect-ratio\"><div class=\"wp-block-embed__wrapper\">\n<div class='embed-container'><iframe title=\"\ud83e\udd5a OVOIDE dado el eje MENOR paso a paso \ud83c\udf73 Dibujo t\u00e9cnico f\u00e1cil\" width=\"1920\" height=\"1080\" src=\"https:\/\/www.youtube.com\/embed\/JqfLUr4yyT8?feature=oembed\" frameborder=\"0\" allow=\"accelerometer; autoplay; encrypted-media; gyroscope; picture-in-picture\" allowfullscreen><\/iframe><\/div>\n<\/div><\/figure>\n\n\n\n<h3 class=\"wp-block-heading\">Como dibujar un OVOIDE dado el eje MAYOR <\/h3>\n\n\n\n<figure class=\"wp-block-embed-youtube wp-block-embed is-type-video is-provider-youtube wp-embed-aspect-16-9 wp-has-aspect-ratio\"><div class=\"wp-block-embed__wrapper\">\n<div class='embed-container'><iframe title=\"\ud83e\udd5a Como dibujar un OVOIDE dado el eje MAYOR \ud83c\udf73 Dibujo t\u00e9cnico paso a paso | F\u00e1cil Garantizado\" width=\"1920\" height=\"1080\" src=\"https:\/\/www.youtube.com\/embed\/Vz27ReL-giw?feature=oembed\" frameborder=\"0\" allow=\"accelerometer; autoplay; encrypted-media; gyroscope; picture-in-picture\" allowfullscreen><\/iframe><\/div>\n<\/div><\/figure>\n","protected":false},"excerpt":{"rendered":"<p>Bienvenidos fan\u00e1ticos del dibujo a una nueva secci\u00f3n de dibujo t\u00e9cnico paso a paso. En concreto explicaremos los procesos para trazar OVOIDES. Nos apoyaremos con los utensilios b\u00e1sicos del dibujo, la regla y el comp\u00e1s. Como siempre espero que os sirva de ayuda. OVOIDE dado el eje MENOR Como dibujar un OVOIDE dado el eje&hellip; <br \/> <a class=\"read-more\" href=\"http:\/\/www.dibujotecnicopasoapaso.com\/index.php\/ovoide\/\">Leer m\u00e1s<\/a><\/p>\n","protected":false},"author":1,"featured_media":0,"parent":0,"menu_order":0,"comment_status":"closed","ping_status":"closed","template":"","meta":{"footnotes":""},"class_list":["post-255","page","type-page","status-publish","hentry"],"_links":{"self":[{"href":"http:\/\/www.dibujotecnicopasoapaso.com\/index.php\/wp-json\/wp\/v2\/pages\/255","targetHints":{"allow":["GET"]}}],"collection":[{"href":"http:\/\/www.dibujotecnicopasoapaso.com\/index.php\/wp-json\/wp\/v2\/pages"}],"about":[{"href":"http:\/\/www.dibujotecnicopasoapaso.com\/index.php\/wp-json\/wp\/v2\/types\/page"}],"author":[{"embeddable":true,"href":"http:\/\/www.dibujotecnicopasoapaso.com\/index.php\/wp-json\/wp\/v2\/users\/1"}],"replies":[{"embeddable":true,"href":"http:\/\/www.dibujotecnicopasoapaso.com\/index.php\/wp-json\/wp\/v2\/comments?post=255"}],"version-history":[{"count":4,"href":"http:\/\/www.dibujotecnicopasoapaso.com\/index.php\/wp-json\/wp\/v2\/pages\/255\/revisions"}],"predecessor-version":[{"id":262,"href":"http:\/\/www.dibujotecnicopasoapaso.com\/index.php\/wp-json\/wp\/v2\/pages\/255\/revisions\/262"}],"wp:attachment":[{"href":"http:\/\/www.dibujotecnicopasoapaso.com\/index.php\/wp-json\/wp\/v2\/media?parent=255"}],"curies":[{"name":"wp","href":"https:\/\/api.w.org\/{rel}","templated":true}]}}