{"id":260,"date":"2020-03-20T19:36:57","date_gmt":"2020-03-20T19:36:57","guid":{"rendered":"http:\/\/www.dibujotecnicopasoapaso.com\/?page_id=260"},"modified":"2020-03-20T19:52:47","modified_gmt":"2020-03-20T19:52:47","slug":"espirales","status":"publish","type":"page","link":"http:\/\/www.dibujotecnicopasoapaso.com\/index.php\/espirales\/","title":{"rendered":"ESPIRALES"},"content":{"rendered":"\n<p>Bienvenidos fan\u00e1ticos del dibujo a una nueva secci\u00f3n de dibujo t\u00e9cnico paso a paso. En concreto explicaremos los procesos para trazar ESPIRALES. Nos apoyaremos con los utensilios b\u00e1sicos del dibujo, la regla y el comp\u00e1s. Como siempre espero que os sirva de ayuda.   <\/p>\n\n\n\n<h3 class=\"wp-block-heading\"> ESPIRAL de DOS centros <\/h3>\n\n\n\n<figure class=\"wp-block-embed-youtube wp-block-embed is-type-video is-provider-youtube wp-embed-aspect-16-9 wp-has-aspect-ratio\"><div class=\"wp-block-embed__wrapper\">\n<div class='embed-container'><iframe title=\"\ud83d\ude0e\ud83d\ude0e\ud83d\ude0e Construcci\u00f3n de una ESPIRAL de DOS centros | Dibujo t\u00e9cnico paso a paso | Curvas t\u00e9cnicas\" width=\"1920\" height=\"1080\" src=\"https:\/\/www.youtube.com\/embed\/YvzLdIetDsw?feature=oembed\" frameborder=\"0\" allow=\"accelerometer; autoplay; encrypted-media; gyroscope; picture-in-picture\" allowfullscreen><\/iframe><\/div>\n<\/div><\/figure>\n\n\n\n<h3 class=\"wp-block-heading\">ESPIRAL de TRES centros <\/h3>\n\n\n\n<figure class=\"wp-block-embed-youtube wp-block-embed is-type-video is-provider-youtube wp-embed-aspect-16-9 wp-has-aspect-ratio\"><div class=\"wp-block-embed__wrapper\">\n<div class='embed-container'><iframe title=\"\ud83d\udd8a \ud83d\udcd0Como dibujar una ESPIRAL de TRES centros \ud83d\udcaa Dibujo t\u00e9cnico paso a paso | Curvas t\u00e9cnicas\" width=\"1920\" height=\"1080\" src=\"https:\/\/www.youtube.com\/embed\/mqbmFi-hiu8?feature=oembed\" frameborder=\"0\" allow=\"accelerometer; autoplay; encrypted-media; gyroscope; picture-in-picture\" allowfullscreen><\/iframe><\/div>\n<\/div><\/figure>\n\n\n\n<h3 class=\"wp-block-heading\"> ESPIRAL de CUATRO centros <\/h3>\n\n\n\n<figure class=\"wp-block-embed-youtube wp-block-embed is-type-video is-provider-youtube wp-embed-aspect-16-9 wp-has-aspect-ratio\"><div class=\"wp-block-embed__wrapper\">\n<div class='embed-container'><iframe title=\"\ud83d\ude05\ud83e\udd68 Espiral de 4 centros paso a paso \ud83d\ude05 Curvas t\u00e9cnicas Dibujo t\u00e9cnico \u2705 F\u00e1cil y sencillo\" width=\"1920\" height=\"1080\" src=\"https:\/\/www.youtube.com\/embed\/_8gi36UdF1s?feature=oembed\" frameborder=\"0\" allow=\"accelerometer; autoplay; encrypted-media; gyroscope; picture-in-picture\" allowfullscreen><\/iframe><\/div>\n<\/div><\/figure>\n\n\n\n<h3 class=\"wp-block-heading\">Espiral de ARQU\u00cdMEDES<\/h3>\n\n\n\n<figure class=\"wp-block-embed-youtube wp-block-embed is-type-video is-provider-youtube wp-embed-aspect-16-9 wp-has-aspect-ratio\"><div class=\"wp-block-embed__wrapper\">\n<div class='embed-container'><iframe title=\"\ud83c\udf00\ud83d\udca3Construcci\u00f3n de la espiral de Arqu\u00edmedes \ud83d\udc4d Dibujo t\u00e9cnico paso a paso \ud83d\udca3 Curvas t\u00e9cnicas\" width=\"1920\" height=\"1080\" src=\"https:\/\/www.youtube.com\/embed\/V7jvm5HINlU?feature=oembed\" frameborder=\"0\" allow=\"accelerometer; autoplay; encrypted-media; gyroscope; picture-in-picture\" allowfullscreen><\/iframe><\/div>\n<\/div><\/figure>\n\n\n\n<h3 class=\"wp-block-heading\"> ENVOLVENTE de una circunferencia<\/h3>\n\n\n\n<figure class=\"wp-block-embed-youtube wp-block-embed is-type-video is-provider-youtube wp-embed-aspect-16-9 wp-has-aspect-ratio\"><div class=\"wp-block-embed__wrapper\">\n<div class='embed-container'><iframe title=\"\ud83d\ude80\ud83c\udf00 ENVOLVENTE de una circunferecnia | Envolvente dibujo t\u00e9cnico paso a paso | Curvas t\u00e9cnicas\" width=\"1920\" height=\"1080\" src=\"https:\/\/www.youtube.com\/embed\/XozQmtEhj7g?feature=oembed\" frameborder=\"0\" allow=\"accelerometer; autoplay; encrypted-media; gyroscope; picture-in-picture\" allowfullscreen><\/iframe><\/div>\n<\/div><\/figure>\n","protected":false},"excerpt":{"rendered":"<p>Bienvenidos fan\u00e1ticos del dibujo a una nueva secci\u00f3n de dibujo t\u00e9cnico paso a paso. En concreto explicaremos los procesos para trazar ESPIRALES. Nos apoyaremos con los utensilios b\u00e1sicos del dibujo, la regla y el comp\u00e1s. Como siempre espero que os sirva de ayuda. ESPIRAL de DOS centros ESPIRAL de TRES centros ESPIRAL de CUATRO centros&hellip; <br \/> <a class=\"read-more\" href=\"http:\/\/www.dibujotecnicopasoapaso.com\/index.php\/espirales\/\">Leer m\u00e1s<\/a><\/p>\n","protected":false},"author":1,"featured_media":0,"parent":0,"menu_order":0,"comment_status":"closed","ping_status":"closed","template":"","meta":{"footnotes":""},"class_list":["post-260","page","type-page","status-publish","hentry"],"_links":{"self":[{"href":"http:\/\/www.dibujotecnicopasoapaso.com\/index.php\/wp-json\/wp\/v2\/pages\/260","targetHints":{"allow":["GET"]}}],"collection":[{"href":"http:\/\/www.dibujotecnicopasoapaso.com\/index.php\/wp-json\/wp\/v2\/pages"}],"about":[{"href":"http:\/\/www.dibujotecnicopasoapaso.com\/index.php\/wp-json\/wp\/v2\/types\/page"}],"author":[{"embeddable":true,"href":"http:\/\/www.dibujotecnicopasoapaso.com\/index.php\/wp-json\/wp\/v2\/users\/1"}],"replies":[{"embeddable":true,"href":"http:\/\/www.dibujotecnicopasoapaso.com\/index.php\/wp-json\/wp\/v2\/comments?post=260"}],"version-history":[{"count":4,"href":"http:\/\/www.dibujotecnicopasoapaso.com\/index.php\/wp-json\/wp\/v2\/pages\/260\/revisions"}],"predecessor-version":[{"id":272,"href":"http:\/\/www.dibujotecnicopasoapaso.com\/index.php\/wp-json\/wp\/v2\/pages\/260\/revisions\/272"}],"wp:attachment":[{"href":"http:\/\/www.dibujotecnicopasoapaso.com\/index.php\/wp-json\/wp\/v2\/media?parent=260"}],"curies":[{"name":"wp","href":"https:\/\/api.w.org\/{rel}","templated":true}]}}