{"id":337,"date":"2020-05-26T07:06:21","date_gmt":"2020-05-26T07:06:21","guid":{"rendered":"http:\/\/www.dibujotecnicopasoapaso.com\/?page_id=337"},"modified":"2021-01-26T20:09:18","modified_gmt":"2021-01-26T20:09:18","slug":"ejercicios-de-geometria","status":"publish","type":"page","link":"http:\/\/www.dibujotecnicopasoapaso.com\/index.php\/ejercicios-de-geometria\/","title":{"rendered":"EJERCICIOS DE GEOMETR\u00cdA"},"content":{"rendered":"\n<figure class=\"wp-block-embed is-type-video is-provider-youtube wp-block-embed-youtube wp-embed-aspect-16-9 wp-has-aspect-ratio\"><div class=\"wp-block-embed__wrapper\">\n<div class='embed-container'><iframe title=\"\ud83d\ude1d Examen PAU dibujo t\u00e9cnico Valencia SEPTIEMBRE 2020 resuelto \ud83d\udccf Selectividad Ej 3 ARCO CAPAZ\" width=\"1920\" height=\"1080\" src=\"https:\/\/www.youtube.com\/embed\/OPwAGt8xAy4?feature=oembed\" frameborder=\"0\" allow=\"accelerometer; autoplay; clipboard-write; encrypted-media; gyroscope; picture-in-picture\" allowfullscreen><\/iframe><\/div>\n<\/div><\/figure>\n\n\n\n<figure class=\"wp-block-embed is-type-video is-provider-youtube wp-block-embed-youtube wp-embed-aspect-16-9 wp-has-aspect-ratio\"><div class=\"wp-block-embed__wrapper\">\n<div class='embed-container'><iframe title=\"\ud83d\ude1d Examen PAU dibujo t\u00e9cnico Valencia SEPTIEMBRE 2020 resuelto \ud83d\udccf Selectividad Ej 1 HOMOLOG\u00cdA\" width=\"1920\" height=\"1080\" src=\"https:\/\/www.youtube.com\/embed\/KyEpz99dQ5o?feature=oembed\" frameborder=\"0\" allow=\"accelerometer; autoplay; clipboard-write; encrypted-media; gyroscope; picture-in-picture\" allowfullscreen><\/iframe><\/div>\n<\/div><\/figure>\n\n\n\n<figure class=\"wp-block-embed is-type-video is-provider-youtube wp-block-embed-youtube wp-embed-aspect-16-9 wp-has-aspect-ratio\"><div class=\"wp-block-embed__wrapper\">\n<div class='embed-container'><iframe title=\"\ud83d\udc4d\ud83c\udffc PEVAU 2020 ANDALUC\u00cdA DIBUJO T\u00c9CNICO B2 HOMOLOG\u00cdA \u2705 PAU O SELECTIVIDAD\" width=\"1920\" height=\"1080\" src=\"https:\/\/www.youtube.com\/embed\/DZ2JDYm4mcQ?feature=oembed\" frameborder=\"0\" allow=\"accelerometer; autoplay; clipboard-write; encrypted-media; gyroscope; picture-in-picture\" allowfullscreen><\/iframe><\/div>\n<\/div><\/figure>\n\n\n\n<figure class=\"wp-block-embed is-type-video is-provider-youtube wp-block-embed-youtube wp-embed-aspect-16-9 wp-has-aspect-ratio\"><div class=\"wp-block-embed__wrapper\">\n<div class='embed-container'><iframe title=\"\u2705 PEVAU 2020 ANDALUC\u00cdA DIBUJO T\u00c9CNICO B1 C\u00d3NICAS \ud83d\udc83 PAU O SELECTIVIDAD\" width=\"1920\" height=\"1080\" src=\"https:\/\/www.youtube.com\/embed\/ZtDRxelErVg?feature=oembed\" frameborder=\"0\" allow=\"accelerometer; autoplay; clipboard-write; encrypted-media; gyroscope; picture-in-picture\" allowfullscreen><\/iframe><\/div>\n<\/div><\/figure>\n\n\n\n<figure class=\"wp-block-embed is-type-video is-provider-youtube wp-block-embed-youtube wp-embed-aspect-16-9 wp-has-aspect-ratio\"><div class=\"wp-block-embed__wrapper\">\n<div class='embed-container'><iframe title=\"\ud83d\ude0e PAU JUNIO 2018 Valencia 2A \ud83d\ude12 Ejercicios de SELECTIVIDAD de TRI\u00c1NGULOS dibujo t\u00e9cnico resueltos\" width=\"1920\" height=\"1080\" src=\"https:\/\/www.youtube.com\/embed\/CsxZJhTVdsk?feature=oembed\" frameborder=\"0\" allow=\"accelerometer; autoplay; clipboard-write; encrypted-media; gyroscope; picture-in-picture\" allowfullscreen><\/iframe><\/div>\n<\/div><\/figure>\n\n\n\n<figure class=\"wp-block-embed is-type-video is-provider-youtube wp-block-embed-youtube wp-embed-aspect-16-9 wp-has-aspect-ratio\"><div class=\"wp-block-embed__wrapper\">\n<div class='embed-container'><iframe title=\"\ud83e\udd84 PAU JULIO 2018 Valencia 2A \ud83d\udd8d\ufe0f Ejercicios de SELECTIVIDAD de TANGENCIAS dibujo t\u00e9cnico resueltos\" width=\"1920\" height=\"1080\" src=\"https:\/\/www.youtube.com\/embed\/nyyq59fmqzQ?feature=oembed\" frameborder=\"0\" allow=\"accelerometer; autoplay; clipboard-write; encrypted-media; gyroscope; picture-in-picture\" allowfullscreen><\/iframe><\/div>\n<\/div><\/figure>\n\n\n\n<figure class=\"wp-block-embed is-type-video is-provider-youtube wp-block-embed-youtube wp-embed-aspect-16-9 wp-has-aspect-ratio\"><div class=\"wp-block-embed__wrapper\">\n<div class='embed-container'><iframe title=\"\ud83d\udd25 PAU JUNIO 2018 Valencia 2B \ud83d\udcd0 Ejercicios de SELECTIVIDAD de TANGENCIAS dibujo t\u00e9cnico resueltos\" width=\"1920\" height=\"1080\" src=\"https:\/\/www.youtube.com\/embed\/Bps2WpkhfLw?feature=oembed\" frameborder=\"0\" allow=\"accelerometer; autoplay; clipboard-write; encrypted-media; gyroscope; picture-in-picture\" allowfullscreen><\/iframe><\/div>\n<\/div><\/figure>\n\n\n\n<figure class=\"wp-block-embed is-type-video is-provider-youtube wp-block-embed-youtube wp-embed-aspect-16-9 wp-has-aspect-ratio\"><div class=\"wp-block-embed__wrapper\">\n<div class='embed-container'><iframe title=\"\ud83d\udca5 PAU dibujo t\u00e9cnico Andaluc\u00eda \ud83d\udca5 Examen MODELO 2020 resuelto \ud83d\udca5 PAR\u00c1BOLAS opci\u00f3n A\" width=\"1920\" height=\"1080\" src=\"https:\/\/www.youtube.com\/embed\/rWza0RlcVic?feature=oembed\" frameborder=\"0\" allow=\"accelerometer; autoplay; clipboard-write; encrypted-media; gyroscope; picture-in-picture\" allowfullscreen><\/iframe><\/div>\n<\/div><\/figure>\n\n\n\n<figure class=\"wp-block-embed is-type-video is-provider-youtube wp-block-embed-youtube wp-embed-aspect-16-9 wp-has-aspect-ratio\"><div class=\"wp-block-embed__wrapper\">\n<div class='embed-container'><iframe title=\"\ud83d\ude31 PAU BALEARES JUNIO 2019 B1 POL\u00cdGONOS \ud83d\ude31 Ejercicios de Dibujo t\u00e9cnico de selectividad resueltos\" width=\"1920\" height=\"1080\" src=\"https:\/\/www.youtube.com\/embed\/zdZn5d_GpFM?feature=oembed\" frameborder=\"0\" allow=\"accelerometer; autoplay; clipboard-write; encrypted-media; gyroscope; picture-in-picture\" allowfullscreen><\/iframe><\/div>\n<\/div><\/figure>\n\n\n\n<figure class=\"wp-block-embed is-type-video is-provider-youtube wp-block-embed-youtube wp-embed-aspect-16-9 wp-has-aspect-ratio\"><div class=\"wp-block-embed__wrapper\">\n<div class='embed-container'><iframe title=\"\ud83c\udfc6 PAU dibujo t\u00e9cnico Andaluc\u00eda junio 2019 opci\u00f3n B | AFINIDAD \u2705 selectividad ejercicios resueltos\" width=\"1920\" height=\"1080\" src=\"https:\/\/www.youtube.com\/embed\/KRJhgnFcEoM?feature=oembed\" frameborder=\"0\" allow=\"accelerometer; autoplay; clipboard-write; encrypted-media; gyroscope; picture-in-picture\" allowfullscreen><\/iframe><\/div>\n<\/div><\/figure>\n\n\n\n<figure class=\"wp-block-embed is-type-video is-provider-youtube wp-block-embed-youtube wp-embed-aspect-16-9 wp-has-aspect-ratio\"><div class=\"wp-block-embed__wrapper\">\n<div class='embed-container'><iframe title=\"\u26a1 PAU Dibujo t\u00e9cnico 2019 BALEARES B1 POL\u00cdGONOS \ud83d\udcc8 Ejercicios selectividad dibujo t\u00e9cnico resueltos\" width=\"1920\" height=\"1080\" src=\"https:\/\/www.youtube.com\/embed\/KJPVua9dB2M?feature=oembed\" frameborder=\"0\" allow=\"accelerometer; autoplay; clipboard-write; encrypted-media; gyroscope; picture-in-picture\" allowfullscreen><\/iframe><\/div>\n<\/div><\/figure>\n\n\n\n<figure class=\"wp-block-embed is-type-video is-provider-youtube wp-block-embed-youtube wp-embed-aspect-16-9 wp-has-aspect-ratio\"><div class=\"wp-block-embed__wrapper\">\n<div class='embed-container'><iframe title=\"\ud83d\udc83 PAU dibujo t\u00e9cnico Andaluc\u00eda junio 2019 opci\u00f3n A \ud83d\udc83 Ejercicio de c\u00f3nicas de selectividad resuelto\" width=\"1920\" height=\"1080\" src=\"https:\/\/www.youtube.com\/embed\/vOzClO_iIOw?feature=oembed\" frameborder=\"0\" allow=\"accelerometer; autoplay; clipboard-write; encrypted-media; gyroscope; picture-in-picture\" allowfullscreen><\/iframe><\/div>\n<\/div><\/figure>\n\n\n\n<figure class=\"wp-block-embed is-type-video is-provider-youtube wp-block-embed-youtube wp-embed-aspect-16-9 wp-has-aspect-ratio\"><div class=\"wp-block-embed__wrapper\">\n<div class='embed-container'><iframe title=\"\ud83d\udd25 PAU JUNIO 2019 Valencia 1B \ud83c\udfc6 Ejercicio resuelto de HOMOLOG\u00cdA en SELECTIVIDAD dibujo t\u00e9cnico\" width=\"1920\" height=\"1080\" src=\"https:\/\/www.youtube.com\/embed\/TRVAG2StH3I?feature=oembed\" frameborder=\"0\" allow=\"accelerometer; autoplay; clipboard-write; encrypted-media; gyroscope; picture-in-picture\" allowfullscreen><\/iframe><\/div>\n<\/div><\/figure>\n\n\n\n<figure class=\"wp-block-embed is-type-video is-provider-youtube wp-block-embed-youtube wp-embed-aspect-16-9 wp-has-aspect-ratio\"><div class=\"wp-block-embed__wrapper\">\n<div class='embed-container'><iframe title=\"\ud83d\ude02 PAU JULIO 2019 Valencia 1A \ud83c\udff9 ejercicio de geometr\u00eda ARCO CAPAZ en Selectividad\" width=\"1920\" height=\"1080\" src=\"https:\/\/www.youtube.com\/embed\/HdNLJUr-Sps?feature=oembed\" frameborder=\"0\" allow=\"accelerometer; autoplay; clipboard-write; encrypted-media; gyroscope; picture-in-picture\" allowfullscreen><\/iframe><\/div>\n<\/div><\/figure>\n\n\n\n<figure class=\"wp-block-embed is-type-video is-provider-youtube wp-block-embed-youtube wp-embed-aspect-16-9 wp-has-aspect-ratio\"><div class=\"wp-block-embed__wrapper\">\n<div class='embed-container'><iframe title=\"PAU JUNIO 2019 Valencia 2A \ud83d\udc4d\ud83c\udffb\ud83d\ude0a AFINIDAD en la Selectividad de dibujo t\u00e9cnico resueltos\" width=\"1920\" height=\"1080\" src=\"https:\/\/www.youtube.com\/embed\/O279Syy3hIE?feature=oembed\" frameborder=\"0\" allow=\"accelerometer; autoplay; clipboard-write; encrypted-media; gyroscope; picture-in-picture\" allowfullscreen><\/iframe><\/div>\n<\/div><\/figure>\n\n\n\n<figure class=\"wp-block-embed is-type-video is-provider-youtube wp-block-embed-youtube wp-embed-aspect-16-9 wp-has-aspect-ratio\"><div class=\"wp-block-embed__wrapper\">\n<div class='embed-container'><iframe title=\"\ud83c\udfc6 PAU JUNIO 2019 Comunidad Valenciana 1A | PAU dibujo t\u00e9cnico valencia resueltos | Selectividad\" width=\"1920\" height=\"1080\" src=\"https:\/\/www.youtube.com\/embed\/RjBXceyKaQ8?feature=oembed\" frameborder=\"0\" allow=\"accelerometer; autoplay; clipboard-write; encrypted-media; gyroscope; picture-in-picture\" allowfullscreen><\/iframe><\/div>\n<\/div><\/figure>\n","protected":false},"excerpt":{"rendered":"","protected":false},"author":1,"featured_media":0,"parent":0,"menu_order":0,"comment_status":"closed","ping_status":"closed","template":"","meta":{"footnotes":""},"class_list":["post-337","page","type-page","status-publish","hentry"],"_links":{"self":[{"href":"http:\/\/www.dibujotecnicopasoapaso.com\/index.php\/wp-json\/wp\/v2\/pages\/337","targetHints":{"allow":["GET"]}}],"collection":[{"href":"http:\/\/www.dibujotecnicopasoapaso.com\/index.php\/wp-json\/wp\/v2\/pages"}],"about":[{"href":"http:\/\/www.dibujotecnicopasoapaso.com\/index.php\/wp-json\/wp\/v2\/types\/page"}],"author":[{"embeddable":true,"href":"http:\/\/www.dibujotecnicopasoapaso.com\/index.php\/wp-json\/wp\/v2\/users\/1"}],"replies":[{"embeddable":true,"href":"http:\/\/www.dibujotecnicopasoapaso.com\/index.php\/wp-json\/wp\/v2\/comments?post=337"}],"version-history":[{"count":3,"href":"http:\/\/www.dibujotecnicopasoapaso.com\/index.php\/wp-json\/wp\/v2\/pages\/337\/revisions"}],"predecessor-version":[{"id":400,"href":"http:\/\/www.dibujotecnicopasoapaso.com\/index.php\/wp-json\/wp\/v2\/pages\/337\/revisions\/400"}],"wp:attachment":[{"href":"http:\/\/www.dibujotecnicopasoapaso.com\/index.php\/wp-json\/wp\/v2\/media?parent=337"}],"curies":[{"name":"wp","href":"https:\/\/api.w.org\/{rel}","templated":true}]}}