{"id":121,"date":"2020-03-14T19:48:03","date_gmt":"2020-03-14T19:48:03","guid":{"rendered":"http:\/\/www.dibujotecnicopasoapaso.com\/?page_id=121"},"modified":"2020-03-14T19:48:03","modified_gmt":"2020-03-14T19:48:03","slug":"paralelismo","status":"publish","type":"page","link":"https:\/\/www.dibujotecnicopasoapaso.com\/index.php\/paralelismo\/","title":{"rendered":"PARALELISMO"},"content":{"rendered":"\n<p>Bienvenidos fan\u00e1ticos del dibujo esta secci\u00f3n de dibujo t\u00e9cnico paso a paso. En los siguientes procesos aprenderemos distintos m\u00e9todos para trazar rectas paralelas. Espero que os sirva de ayuda.<\/p>\n\n\n\n<h2 class=\"wp-block-heading\">TRAZAR UNA PARALELA A UNA DISTANCIA DAD CON REGLA Y COMP\u00c1S<\/h2>\n\n\n\n<figure class=\"wp-block-embed-youtube wp-block-embed is-type-video is-provider-youtube wp-embed-aspect-16-9 wp-has-aspect-ratio\"><div class=\"wp-block-embed__wrapper\">\n<div class='embed-container'><iframe title=\"\ud83d\udcaf\ud83d\udcd0 Como trazar rectas PARALELAS con regla y comp\u00e1s | Dibujo t\u00e9cnico PASO a PASO| \u00c9xito garantizado\" width=\"1920\" height=\"1080\" src=\"https:\/\/www.youtube.com\/embed\/9ua1bSBMEL0?feature=oembed\" frameborder=\"0\" allow=\"accelerometer; autoplay; encrypted-media; gyroscope; picture-in-picture\" allowfullscreen><\/iframe><\/div>\n<\/div><\/figure>\n\n\n\n<h2 class=\"wp-block-heading\">TRAZAR UNA PARALELA A UNA DISTANCIA DAD COPIANDO \u00c1NGULOS<\/h2>\n\n\n\n<figure class=\"wp-block-embed-youtube wp-block-embed is-type-video is-provider-youtube wp-embed-aspect-16-9 wp-has-aspect-ratio\"><div class=\"wp-block-embed__wrapper\">\n<div class='embed-container'><iframe title=\"\ud83e\udd62\ud83d\udc4d Como dibujar PARALELAS utilizando la copia de \u00c1NGULOS \ud83d\ude0e Dibujo t\u00e9cnico paso a paso\" width=\"1920\" height=\"1080\" src=\"https:\/\/www.youtube.com\/embed\/cF4tMNxznZo?feature=oembed\" frameborder=\"0\" allow=\"accelerometer; autoplay; encrypted-media; gyroscope; picture-in-picture\" allowfullscreen><\/iframe><\/div>\n<\/div><\/figure>\n\n\n\n<h2 class=\"wp-block-heading\">TRAZADO DE PARALELAS CON ESCUADRA Y CARTAB\u00d3N<\/h2>\n\n\n\n<figure class=\"wp-block-embed-youtube wp-block-embed is-type-video is-provider-youtube wp-embed-aspect-16-9 wp-has-aspect-ratio\"><div class=\"wp-block-embed__wrapper\">\n<div class='embed-container'><iframe title=\"\ud83d\ude0e como hacer paralelas con escuadra y cartab\u00f3n paso a paso \ud83d\udca5 | Trazados fundamentales | Dibujo f\u00e1cil\" width=\"1920\" height=\"1080\" src=\"https:\/\/www.youtube.com\/embed\/simgHmsyEww?feature=oembed\" frameborder=\"0\" allow=\"accelerometer; autoplay; encrypted-media; gyroscope; picture-in-picture\" allowfullscreen><\/iframe><\/div>\n<\/div><\/figure>\n","protected":false},"excerpt":{"rendered":"<p>Bienvenidos fan\u00e1ticos del dibujo esta secci\u00f3n de dibujo t\u00e9cnico paso a paso. En los siguientes procesos aprenderemos distintos m\u00e9todos para trazar rectas paralelas. Espero que os sirva de ayuda. TRAZAR UNA PARALELA A UNA DISTANCIA DAD CON REGLA Y COMP\u00c1S TRAZAR UNA PARALELA A UNA DISTANCIA DAD COPIANDO \u00c1NGULOS TRAZADO DE PARALELAS CON ESCUADRA Y&hellip; <br \/> <a class=\"read-more\" href=\"https:\/\/www.dibujotecnicopasoapaso.com\/index.php\/paralelismo\/\">Leer m\u00e1s<\/a><\/p>\n","protected":false},"author":1,"featured_media":0,"parent":0,"menu_order":0,"comment_status":"closed","ping_status":"closed","template":"","meta":{"footnotes":""},"class_list":["post-121","page","type-page","status-publish","hentry"],"_links":{"self":[{"href":"https:\/\/www.dibujotecnicopasoapaso.com\/index.php\/wp-json\/wp\/v2\/pages\/121","targetHints":{"allow":["GET"]}}],"collection":[{"href":"https:\/\/www.dibujotecnicopasoapaso.com\/index.php\/wp-json\/wp\/v2\/pages"}],"about":[{"href":"https:\/\/www.dibujotecnicopasoapaso.com\/index.php\/wp-json\/wp\/v2\/types\/page"}],"author":[{"embeddable":true,"href":"https:\/\/www.dibujotecnicopasoapaso.com\/index.php\/wp-json\/wp\/v2\/users\/1"}],"replies":[{"embeddable":true,"href":"https:\/\/www.dibujotecnicopasoapaso.com\/index.php\/wp-json\/wp\/v2\/comments?post=121"}],"version-history":[{"count":1,"href":"https:\/\/www.dibujotecnicopasoapaso.com\/index.php\/wp-json\/wp\/v2\/pages\/121\/revisions"}],"predecessor-version":[{"id":122,"href":"https:\/\/www.dibujotecnicopasoapaso.com\/index.php\/wp-json\/wp\/v2\/pages\/121\/revisions\/122"}],"wp:attachment":[{"href":"https:\/\/www.dibujotecnicopasoapaso.com\/index.php\/wp-json\/wp\/v2\/media?parent=121"}],"curies":[{"name":"wp","href":"https:\/\/api.w.org\/{rel}","templated":true}]}}