{"id":145,"date":"2020-03-14T21:50:57","date_gmt":"2020-03-14T21:50:57","guid":{"rendered":"http:\/\/www.dibujotecnicopasoapaso.com\/?page_id=145"},"modified":"2020-05-26T09:11:04","modified_gmt":"2020-05-26T09:11:04","slug":"cuadrilateros","status":"publish","type":"page","link":"https:\/\/www.dibujotecnicopasoapaso.com\/index.php\/cuadrilateros\/","title":{"rendered":"CUADRIL\u00c1TEROS"},"content":{"rendered":"\n<p> Bienvenidos fan\u00e1ticos del dibujo a esta secci\u00f3n de dibujo t\u00e9cnico paso a paso. En los siguientes procesos aprenderemos todo los que necesitamos saber sobre la construcci\u00f3n de cuadril\u00e1teros con la ayuda de la regla y el comp\u00e1s. Espero que os sirva de ayuda. <\/p>\n\n\n\n<h3 class=\"wp-block-heading\">CUADRADO DADO EL LADO<\/h3>\n\n\n\n<figure class=\"wp-block-embed-youtube wp-block-embed is-type-video is-provider-youtube wp-embed-aspect-16-9 wp-has-aspect-ratio\"><div class=\"wp-block-embed__wrapper\">\n<div class='embed-container'><iframe title=\"\u2b1b\u2b1c CUADRADO SEG\u00daN LADO \u2b1c\u2b1b Pol\u00edgonos regulares | Dibujo t\u00e9cnico paso a paso\" width=\"1920\" height=\"1080\" src=\"https:\/\/www.youtube.com\/embed\/kIIGXNp6XCQ?feature=oembed\" frameborder=\"0\" allow=\"accelerometer; autoplay; encrypted-media; gyroscope; picture-in-picture\" allowfullscreen><\/iframe><\/div>\n<\/div><\/figure>\n\n\n\n<h3 class=\"wp-block-heading\">CONSTRUCCI\u00d3N DE UN CUADRADO INSCRITO EN UN CIRCUNFERENCIA<\/h3>\n\n\n\n<figure class=\"wp-block-embed-youtube wp-block-embed is-type-video is-provider-youtube wp-embed-aspect-16-9 wp-has-aspect-ratio\"><div class=\"wp-block-embed__wrapper\">\n<div class='embed-container'><iframe title=\"\ud83d\udcaa\u2b1b Como dibujar un CUADRADO inscrito en una circunferencia \ud83d\udcaa Dibujo t\u00e9cnico paso a paso\" width=\"1920\" height=\"1080\" src=\"https:\/\/www.youtube.com\/embed\/7VB7f6WOCQE?feature=oembed\" frameborder=\"0\" allow=\"accelerometer; autoplay; encrypted-media; gyroscope; picture-in-picture\" allowfullscreen><\/iframe><\/div>\n<\/div><\/figure>\n\n\n\n<h3 class=\"wp-block-heading\">CONSTRUIR UN CUADRADO DADA SU DIAGONAL<\/h3>\n\n\n\n<figure class=\"wp-block-embed-youtube wp-block-embed is-type-video is-provider-youtube wp-embed-aspect-16-9 wp-has-aspect-ratio\"><div class=\"wp-block-embed__wrapper\">\n<div class='embed-container'><iframe title=\"\u2b1b Cuadrado dada la diagonal \u2b1c Cuadril\u00e1teros en dibujo t\u00e9cnico | Cuadrado conocida su diagonal\" width=\"1920\" height=\"1080\" src=\"https:\/\/www.youtube.com\/embed\/jL7zhtkYxAY?feature=oembed\" frameborder=\"0\" allow=\"accelerometer; autoplay; encrypted-media; gyroscope; picture-in-picture\" allowfullscreen><\/iframe><\/div>\n<\/div><\/figure>\n\n\n\n<h3 class=\"wp-block-heading\">CUADRADO DADA SU DIAGONAL (M\u00c9TODO ALTERNATIVO)<\/h3>\n\n\n\n<figure class=\"wp-block-embed-youtube wp-block-embed is-type-video is-provider-youtube wp-embed-aspect-16-9 wp-has-aspect-ratio\"><div class=\"wp-block-embed__wrapper\">\n<div class='embed-container'><iframe title=\"\u2b1b CUADRADO dada la diagonal \u2b1c  m\u00e9todo ALTERNATIVO\" width=\"1920\" height=\"1080\" src=\"https:\/\/www.youtube.com\/embed\/oJK9JomXkAM?feature=oembed\" frameborder=\"0\" allow=\"accelerometer; autoplay; encrypted-media; gyroscope; picture-in-picture\" allowfullscreen><\/iframe><\/div>\n<\/div><\/figure>\n\n\n\n<h3 class=\"wp-block-heading\">CONSTRUCCI\u00d3N DE UN RECT\u00c1NGULO DADOS LOS DOS LADOS<\/h3>\n\n\n\n<figure class=\"wp-block-embed-youtube wp-block-embed is-type-video is-provider-youtube wp-embed-aspect-16-9 wp-has-aspect-ratio\"><div class=\"wp-block-embed__wrapper\">\n<div class='embed-container'><iframe title=\"\ud83d\udca5 Construcci\u00f3n de un RECT\u00c1NGULO conociendo sus LADOS \ud83d\ude31 Dibujo t\u00e9cnico paso a paso\" width=\"1920\" height=\"1080\" src=\"https:\/\/www.youtube.com\/embed\/WYHEGQQHsxU?feature=oembed\" frameborder=\"0\" allow=\"accelerometer; autoplay; encrypted-media; gyroscope; picture-in-picture\" allowfullscreen><\/iframe><\/div>\n<\/div><\/figure>\n\n\n\n<h3 class=\"wp-block-heading\">RECT\u00c1NGULO DADA LA DIAGONAL Y UN LADO (2 M\u00c9TODOS)<\/h3>\n\n\n\n<figure class=\"wp-block-embed-youtube wp-block-embed is-type-video is-provider-youtube wp-embed-aspect-16-9 wp-has-aspect-ratio\"><div class=\"wp-block-embed__wrapper\">\n<div class='embed-container'><iframe title=\"\u26a1 Construcci\u00f3n de un Rect\u00e1ngulo conociendo la DIAGONAL y un LADO \ud83d\udc7d\" width=\"1920\" height=\"1080\" src=\"https:\/\/www.youtube.com\/embed\/g42S_yo9eJs?feature=oembed\" frameborder=\"0\" allow=\"accelerometer; autoplay; encrypted-media; gyroscope; picture-in-picture\" allowfullscreen><\/iframe><\/div>\n<\/div><\/figure>\n\n\n\n<h3 class=\"wp-block-heading\">CONSTRUCCI\u00d3N DE UN ROMBO DADAS SUS DOS DIAGONALES<\/h3>\n\n\n\n<figure class=\"wp-block-embed-youtube wp-block-embed is-type-video is-provider-youtube wp-embed-aspect-16-9 wp-has-aspect-ratio\"><div class=\"wp-block-embed__wrapper\">\n<div class='embed-container'><iframe title=\"\ud83d\udca5\u2666\ud83d\udca5 Construcci\u00f3n de un ROMBO conocidas las DIAGONALES \u2666 Dibujo t\u00e9cnico paso a paso\" width=\"1920\" height=\"1080\" src=\"https:\/\/www.youtube.com\/embed\/EPdUb97i07E?feature=oembed\" frameborder=\"0\" allow=\"accelerometer; autoplay; encrypted-media; gyroscope; picture-in-picture\" allowfullscreen><\/iframe><\/div>\n<\/div><\/figure>\n\n\n\n<h3 class=\"wp-block-heading\">CONSTRUCCI\u00d3N DE UN ROMBO DADA UNA DIAGONAL Y UN LADO<\/h3>\n\n\n\n<figure class=\"wp-block-embed-youtube wp-block-embed is-type-video is-provider-youtube wp-embed-aspect-16-9 wp-has-aspect-ratio\"><div class=\"wp-block-embed__wrapper\">\n<div class='embed-container'><iframe title=\"\u2666\ud83d\udc7d\u2666 ROMBO dada la DIAGONAL y el LADO\" width=\"1920\" height=\"1080\" src=\"https:\/\/www.youtube.com\/embed\/Ow3pWdFgIJc?feature=oembed\" frameborder=\"0\" allow=\"accelerometer; autoplay; encrypted-media; gyroscope; picture-in-picture\" allowfullscreen><\/iframe><\/div>\n<\/div><\/figure>\n\n\n\n<h3 class=\"wp-block-heading\">CONSTRUCCI\u00d3N DE UN ROMBO SABIENDO EL LADO Y UNO DE LOS \u00c1NGULOS<\/h3>\n\n\n\n<figure class=\"wp-block-embed-youtube wp-block-embed is-type-video is-provider-youtube wp-embed-aspect-16-9 wp-has-aspect-ratio\"><div class=\"wp-block-embed__wrapper\">\n<div class='embed-container'><iframe title=\"\ud83d\udca5\ud83d\ude31 Rombo dado un LADO y un \u00c1NGULO paso a paso. Trazado y construcci\u00f3n de cuadril\u00e1teros\" width=\"1920\" height=\"1080\" src=\"https:\/\/www.youtube.com\/embed\/1ml9mqa0_0g?feature=oembed\" frameborder=\"0\" allow=\"accelerometer; autoplay; encrypted-media; gyroscope; picture-in-picture\" allowfullscreen><\/iframe><\/div>\n<\/div><\/figure>\n\n\n\n<h3 class=\"wp-block-heading\">ROMBO DADO UN LADO Y LA DISTANCIA ENTRE DOS LADOS<\/h3>\n\n\n\n<figure class=\"wp-block-embed-youtube wp-block-embed is-type-video is-provider-youtube wp-embed-aspect-16-9 wp-has-aspect-ratio\"><div class=\"wp-block-embed__wrapper\">\n<div class='embed-container'><iframe title=\"ROMBO dado el LADO y la DISTANCIA entre caras o la altura que es lo mismo\" width=\"1920\" height=\"1080\" src=\"https:\/\/www.youtube.com\/embed\/5A8dtsbTlfA?feature=oembed\" frameborder=\"0\" allow=\"accelerometer; autoplay; encrypted-media; gyroscope; picture-in-picture\" allowfullscreen><\/iframe><\/div>\n<\/div><\/figure>\n\n\n\n<h3 class=\"wp-block-heading\">ROMBO DADO EL LADO Y LAS SUMAS DE LAS DIAGONALES<\/h3>\n\n\n\n<figure class=\"wp-block-embed-youtube wp-block-embed is-type-video is-provider-youtube wp-embed-aspect-16-9 wp-has-aspect-ratio\"><div class=\"wp-block-embed__wrapper\">\n<div class='embed-container'><iframe title=\"\ud83d\udcaa ROMBO dado el LADO y la SUMA de las DIAGONALES \ud83d\udcd0 Construcci\u00f3n de cuadril\u00e1teros\" width=\"1920\" height=\"1080\" src=\"https:\/\/www.youtube.com\/embed\/YEzSAdCH4o4?feature=oembed\" frameborder=\"0\" allow=\"accelerometer; autoplay; encrypted-media; gyroscope; picture-in-picture\" allowfullscreen><\/iframe><\/div>\n<\/div><\/figure>\n\n\n\n<h3 class=\"wp-block-heading\">ROMBO DADA LA DIAGONAL Y UN \u00c1NGULO<\/h3>\n\n\n\n<figure class=\"wp-block-embed-youtube wp-block-embed is-type-video is-provider-youtube wp-embed-aspect-16-9 wp-has-aspect-ratio\"><div class=\"wp-block-embed__wrapper\">\n<div class='embed-container'><iframe title=\"\u2666\ufe0f\ud83d\udcd0ROMBO dado un \u00c1NGULO y una DIAGONAL \ud83d\udcaa Construcci\u00f3n de un rombo conociendo un angulo y su diagonal\" width=\"1920\" height=\"1080\" src=\"https:\/\/www.youtube.com\/embed\/ELc134LqgZc?feature=oembed\" frameborder=\"0\" allow=\"accelerometer; autoplay; encrypted-media; gyroscope; picture-in-picture\" allowfullscreen><\/iframe><\/div>\n<\/div><\/figure>\n\n\n\n<h3 class=\"wp-block-heading\">ROMBO DADO EL LADO Y EL RADIO INSCRITO<\/h3>\n\n\n\n<figure class=\"wp-block-embed-youtube wp-block-embed is-type-video is-provider-youtube wp-embed-aspect-16-9 wp-has-aspect-ratio\"><div class=\"wp-block-embed__wrapper\">\n<div class='embed-container'><iframe title=\"\u2666\ufe0f ROMBO dado el LADO y el radio de la CIRCUNFERENCIA INSCRITA \ud83d\udcd0 Construcci\u00f3n de cuadril\u00e1teros\" width=\"1920\" height=\"1080\" src=\"https:\/\/www.youtube.com\/embed\/Z4gMshDyhMc?feature=oembed\" frameborder=\"0\" allow=\"accelerometer; autoplay; encrypted-media; gyroscope; picture-in-picture\" allowfullscreen><\/iframe><\/div>\n<\/div><\/figure>\n\n\n\n<h3 class=\"wp-block-heading\">CONSTRUCCI\u00d3N DE UN ROMBOIDE CONOCIDOS LOS DOS LADOS Y LA ALTURA<\/h3>\n\n\n\n<figure class=\"wp-block-embed-youtube wp-block-embed is-type-video is-provider-youtube wp-embed-aspect-16-9 wp-has-aspect-ratio\"><div class=\"wp-block-embed__wrapper\">\n<div class='embed-container'><iframe title=\"\ud83d\udc4d Romboide dados los LADOS y la ALTURA \ud83d\udcd0 Construcci\u00f3n de un romboide paso a paso\" width=\"1920\" height=\"1080\" src=\"https:\/\/www.youtube.com\/embed\/usIYjdoFyCI?feature=oembed\" frameborder=\"0\" allow=\"accelerometer; autoplay; encrypted-media; gyroscope; picture-in-picture\" allowfullscreen><\/iframe><\/div>\n<\/div><\/figure>\n\n\n\n<h3 class=\"wp-block-heading\">ROMBOIDE DADOS LOS LADOS Y UNA DIAGONAL<\/h3>\n\n\n\n<figure class=\"wp-block-embed-youtube wp-block-embed is-type-video is-provider-youtube wp-embed-aspect-16-9 wp-has-aspect-ratio\"><div class=\"wp-block-embed__wrapper\">\n<div class='embed-container'><iframe title=\"\ud83d\ude0e ROMBOIDE dados los LADOS y un \u00c1NGULO \ud83d\udc83 Construcci\u00f3n de cuadrilateros\" width=\"1920\" height=\"1080\" src=\"https:\/\/www.youtube.com\/embed\/fYeSpVH82Qw?feature=oembed\" frameborder=\"0\" allow=\"accelerometer; autoplay; encrypted-media; gyroscope; picture-in-picture\" allowfullscreen><\/iframe><\/div>\n<\/div><\/figure>\n\n\n\n<h3 class=\"wp-block-heading\">CONSTRUCCI\u00d3N DE UN TRAPECIO IS\u00d3SCELES DADAS LAS BASES Y LA ALTURA<\/h3>\n\n\n\n<figure class=\"wp-block-embed-youtube wp-block-embed is-type-video is-provider-youtube wp-embed-aspect-16-9 wp-has-aspect-ratio\"><div class=\"wp-block-embed__wrapper\">\n<div class='embed-container'><iframe title=\"\u26a1Trapecio is\u00f3sceles dadas las bases y la altura \u26a1 Dibujo t\u00e9cnico paso a paso\" width=\"1920\" height=\"1080\" src=\"https:\/\/www.youtube.com\/embed\/0ixbqVl85qU?feature=oembed\" frameborder=\"0\" allow=\"accelerometer; autoplay; encrypted-media; gyroscope; picture-in-picture\" allowfullscreen><\/iframe><\/div>\n<\/div><\/figure>\n\n\n\n<h3 class=\"wp-block-heading\">CONSTRUCCI\u00d3N DE UN TRAPECIO RECT\u00c1NGULO SABIENDO LAS BASES Y LA ALTURA<\/h3>\n\n\n\n<figure class=\"wp-block-embed-youtube wp-block-embed is-type-video is-provider-youtube wp-embed-aspect-16-9 wp-has-aspect-ratio\"><div class=\"wp-block-embed__wrapper\">\n<div class='embed-container'><iframe title=\"\ud83d\udc83 Como dibujar un TRAPECIO rect\u00e1ngulo dadas las BASES y la ALTURA \ud83d\ude0e Dibujo t\u00e9cnico paso a paso \ud83d\udc63\" width=\"1920\" height=\"1080\" src=\"https:\/\/www.youtube.com\/embed\/6h_tCOBi9wE?feature=oembed\" frameborder=\"0\" allow=\"accelerometer; autoplay; encrypted-media; gyroscope; picture-in-picture\" allowfullscreen><\/iframe><\/div>\n<\/div><\/figure>\n\n\n\n<h3 class=\"wp-block-heading\">CONSTRUCCI\u00d3N DE UN TRAPECIO DADOS LOS CUATRO LADOS<\/h3>\n\n\n\n<figure class=\"wp-block-embed-youtube wp-block-embed is-type-video is-provider-youtube wp-embed-aspect-16-9 wp-has-aspect-ratio\"><div class=\"wp-block-embed__wrapper\">\n<div class='embed-container'><iframe title=\"\ud83d\ude0e Trapecio escaleno dados los cuatro lados paso a paso \ud83d\ude80 Trapecio conociendo sus lados\" width=\"1920\" height=\"1080\" src=\"https:\/\/www.youtube.com\/embed\/t2VduTJ1C24?feature=oembed\" frameborder=\"0\" allow=\"accelerometer; autoplay; encrypted-media; gyroscope; picture-in-picture\" allowfullscreen><\/iframe><\/div>\n<\/div><\/figure>\n\n\n\n<h3 class=\"wp-block-heading\">CONSTRUCCI\u00d3N DE UN TRAPECIO DADAS LAS BASES Y LAS DIAGONALES<\/h3>\n\n\n\n<figure class=\"wp-block-embed-youtube wp-block-embed is-type-video is-provider-youtube wp-embed-aspect-16-9 wp-has-aspect-ratio\"><div class=\"wp-block-embed__wrapper\">\n<div class='embed-container'><iframe title=\"\ud83d\udc83Trapecio escaleno dadas las BASES y las DIAGONALES \ud83d\udc63\ud83d\udcd0 Dibujo t\u00e9cnico paso a paso\" width=\"1920\" height=\"1080\" src=\"https:\/\/www.youtube.com\/embed\/UCgTwS1OZWI?feature=oembed\" frameborder=\"0\" allow=\"accelerometer; autoplay; encrypted-media; gyroscope; picture-in-picture\" allowfullscreen><\/iframe><\/div>\n<\/div><\/figure>\n","protected":false},"excerpt":{"rendered":"<p>Bienvenidos fan\u00e1ticos del dibujo a esta secci\u00f3n de dibujo t\u00e9cnico paso a paso. En los siguientes procesos aprenderemos todo los que necesitamos saber sobre la construcci\u00f3n de cuadril\u00e1teros con la ayuda de la regla y el comp\u00e1s. Espero que os sirva de ayuda. CUADRADO DADO EL LADO CONSTRUCCI\u00d3N DE UN CUADRADO INSCRITO EN UN CIRCUNFERENCIA&hellip; <br \/> <a class=\"read-more\" href=\"https:\/\/www.dibujotecnicopasoapaso.com\/index.php\/cuadrilateros\/\">Leer m\u00e1s<\/a><\/p>\n","protected":false},"author":1,"featured_media":0,"parent":0,"menu_order":0,"comment_status":"closed","ping_status":"closed","template":"","meta":{"footnotes":""},"class_list":["post-145","page","type-page","status-publish","hentry"],"_links":{"self":[{"href":"https:\/\/www.dibujotecnicopasoapaso.com\/index.php\/wp-json\/wp\/v2\/pages\/145","targetHints":{"allow":["GET"]}}],"collection":[{"href":"https:\/\/www.dibujotecnicopasoapaso.com\/index.php\/wp-json\/wp\/v2\/pages"}],"about":[{"href":"https:\/\/www.dibujotecnicopasoapaso.com\/index.php\/wp-json\/wp\/v2\/types\/page"}],"author":[{"embeddable":true,"href":"https:\/\/www.dibujotecnicopasoapaso.com\/index.php\/wp-json\/wp\/v2\/users\/1"}],"replies":[{"embeddable":true,"href":"https:\/\/www.dibujotecnicopasoapaso.com\/index.php\/wp-json\/wp\/v2\/comments?post=145"}],"version-history":[{"count":5,"href":"https:\/\/www.dibujotecnicopasoapaso.com\/index.php\/wp-json\/wp\/v2\/pages\/145\/revisions"}],"predecessor-version":[{"id":351,"href":"https:\/\/www.dibujotecnicopasoapaso.com\/index.php\/wp-json\/wp\/v2\/pages\/145\/revisions\/351"}],"wp:attachment":[{"href":"https:\/\/www.dibujotecnicopasoapaso.com\/index.php\/wp-json\/wp\/v2\/media?parent=145"}],"curies":[{"name":"wp","href":"https:\/\/api.w.org\/{rel}","templated":true}]}}