{"id":200,"date":"2020-03-15T12:05:54","date_gmt":"2020-03-15T12:05:54","guid":{"rendered":"http:\/\/www.dibujotecnicopasoapaso.com\/?page_id=200"},"modified":"2020-03-15T12:05:54","modified_gmt":"2020-03-15T12:05:54","slug":"diedrico","status":"publish","type":"page","link":"https:\/\/www.dibujotecnicopasoapaso.com\/index.php\/diedrico\/","title":{"rendered":"DI\u00c9DRICO"},"content":{"rendered":"\n<p>Sed bienvenidos fan\u00e1ticos del dibujo t\u00e9cnico al incomprensible mundo del DI\u00c9DRICO en los siguientes v\u00eddeo intentare que la comprensi\u00f3n os ilumine. El di\u00e9drico es dif\u00edcil, si, pero cuando se comprende todo tiene sentido.<\/p>\n","protected":false},"excerpt":{"rendered":"<p>Sed bienvenidos fan\u00e1ticos del dibujo t\u00e9cnico al incomprensible mundo del DI\u00c9DRICO en los siguientes v\u00eddeo intentare que la comprensi\u00f3n os ilumine. El di\u00e9drico es dif\u00edcil, si, pero cuando se comprende todo tiene sentido.<\/p>\n","protected":false},"author":1,"featured_media":0,"parent":0,"menu_order":0,"comment_status":"closed","ping_status":"closed","template":"","meta":{"footnotes":""},"class_list":["post-200","page","type-page","status-publish","hentry"],"_links":{"self":[{"href":"https:\/\/www.dibujotecnicopasoapaso.com\/index.php\/wp-json\/wp\/v2\/pages\/200","targetHints":{"allow":["GET"]}}],"collection":[{"href":"https:\/\/www.dibujotecnicopasoapaso.com\/index.php\/wp-json\/wp\/v2\/pages"}],"about":[{"href":"https:\/\/www.dibujotecnicopasoapaso.com\/index.php\/wp-json\/wp\/v2\/types\/page"}],"author":[{"embeddable":true,"href":"https:\/\/www.dibujotecnicopasoapaso.com\/index.php\/wp-json\/wp\/v2\/users\/1"}],"replies":[{"embeddable":true,"href":"https:\/\/www.dibujotecnicopasoapaso.com\/index.php\/wp-json\/wp\/v2\/comments?post=200"}],"version-history":[{"count":1,"href":"https:\/\/www.dibujotecnicopasoapaso.com\/index.php\/wp-json\/wp\/v2\/pages\/200\/revisions"}],"predecessor-version":[{"id":201,"href":"https:\/\/www.dibujotecnicopasoapaso.com\/index.php\/wp-json\/wp\/v2\/pages\/200\/revisions\/201"}],"wp:attachment":[{"href":"https:\/\/www.dibujotecnicopasoapaso.com\/index.php\/wp-json\/wp\/v2\/media?parent=200"}],"curies":[{"name":"wp","href":"https:\/\/api.w.org\/{rel}","templated":true}]}}